{"id":6296,"date":"2020-05-16T13:52:04","date_gmt":"2020-05-16T11:52:04","guid":{"rendered":"https:\/\/mrronin.com\/?page_id=6296"},"modified":"2020-05-16T13:52:14","modified_gmt":"2020-05-16T11:52:14","slug":"faqs-2","status":"publish","type":"page","link":"https:\/\/mrronin.com\/no\/faqs-2\/","title":{"rendered":"FAQ&#8217;s"},"content":{"rendered":"<div id=\"pl-6296\"  class=\"panel-layout\" ><div id=\"pg-6296-0\"  class=\"panel-grid panel-has-style\" ><div class=\"siteorigin-panels-stretch panel-row-style panel-row-style-for-6296-0\" data-stretch-type=\"full\" ><div id=\"pgc-6296-0-0\"  class=\"panel-grid-cell panel-grid-cell-mobile-last\" ><div id=\"panel-6296-0-0-0\" class=\"so-panel widget widget_sow-editor panel-first-child panel-last-child\" data-index=\"0\" ><div class=\"text-left panel-widget-style panel-widget-style-for-6296-0-0-0\" ><div\n\t\t\t\n\t\t\tclass=\"so-widget-sow-editor so-widget-sow-editor-base\"\n\t\t\t\n\t\t><h3 class=\"widget-title\">FAQ'S<\/h3>\n<div class=\"siteorigin-widget-tinymce textwidget\">\n\t<div class=\"siteorigin-widget-tinymce textwidget\">\n<ul>\n<li>Varf\u00f6r fastnar repet? <em><strong>\"PDF\"<\/strong><\/em> - (texter och ev bilder, samt l\u00e4nkar till gallerierna).<\/li>\n<li>Hur uppgraderar jag min MR400? <em><strong>\"PDF\"<\/strong><\/em><\/li>\n<li>Min ascender glider p\u00e5 repet, varf\u00f6r?<em><strong> \"PDF\"<\/strong><\/em><\/li>\n<\/ul>\n<p>&nbsp;<\/p>\n<p><strong>Alm\u00e4nna k\u00f6pevillkor:<br \/>\n<\/strong><\/p>\n<p><em><strong>\"PDF<\/strong><\/em>\" (enbart texter)<\/p>\n<p>&nbsp;<\/p>\n<p><strong>Garantier:<\/strong><\/p>\n<p><em><strong>\"PDF<\/strong><\/em>\" (enbart texter)<\/p>\n<p>&nbsp;<\/p>\n<p style=\"text-align: left;\"><strong>Att t\u00e4nka p\u00e5 vid returer:<\/strong><\/p>\n<p>F\u00f6r att full returr\u00e4tt skall g\u00e4lla kr\u00e4vs det att maskinen skickas i sin originalkartong, f\u00f6rpackad i det FOAM den kom i. Alternativt i den Ronin Hard Case som vanligtvis tillh\u00f6r ascendern.<\/p>\n<p style=\"text-align: left;\">Ni st\u00e5r sj\u00e4lva f\u00f6r transporten och returen&nbsp;skickas till Mr Ronin's Shipping address - CE Logistic AB.<\/p>\n<\/div>\n<\/div>\n<\/div><\/div><\/div><\/div><div id=\"pgc-6296-0-1\"  class=\"panel-grid-cell panel-grid-cell-empty\" ><\/div><\/div><\/div><\/div>","protected":false},"excerpt":{"rendered":"<p>Varf\u00f6r fastnar repet? &laquo;PDF&raquo; &#8211; (texter och ev bilder, samt l\u00e4nkar till gallerierna). Hur uppgraderar jag min MR400? &laquo;PDF&raquo; Min ascender glider p\u00e5 repet, varf\u00f6r? &laquo;PDF&raquo; &nbsp; Alm\u00e4nna k\u00f6pevillkor: &laquo;PDF&raquo; (enbart texter) &nbsp; Garantier: &laquo;PDF&raquo; (enbart texter) &nbsp; Att t\u00e4nka p\u00e5 vid returer: F\u00f6r att full returr\u00e4tt skall g\u00e4lla kr\u00e4vs det att maskinen skickas i [&#8230;]<\/p>\n<p><a class=\"btn btn-secondary understrap-read-more-link\" href=\"https:\/\/mrronin.com\/no\/faqs-2\/\">Les mer&#8230;<span class=\"screen-reader-text\"> from FAQ&#8217;s<\/span><\/a><\/p>\n","protected":false},"author":3,"featured_media":0,"parent":0,"menu_order":0,"comment_status":"closed","ping_status":"closed","template":"page-full-width.php","meta":{"_acf_changed":false,"footnotes":""},"class_list":["post-6296","page","type-page","status-publish","hentry"],"acf":[],"_links":{"self":[{"href":"https:\/\/mrronin.com\/no\/wp-json\/wp\/v2\/pages\/6296","targetHints":{"allow":["GET"]}}],"collection":[{"href":"https:\/\/mrronin.com\/no\/wp-json\/wp\/v2\/pages"}],"about":[{"href":"https:\/\/mrronin.com\/no\/wp-json\/wp\/v2\/types\/page"}],"author":[{"embeddable":true,"href":"https:\/\/mrronin.com\/no\/wp-json\/wp\/v2\/users\/3"}],"replies":[{"embeddable":true,"href":"https:\/\/mrronin.com\/no\/wp-json\/wp\/v2\/comments?post=6296"}],"version-history":[{"count":2,"href":"https:\/\/mrronin.com\/no\/wp-json\/wp\/v2\/pages\/6296\/revisions"}],"predecessor-version":[{"id":6298,"href":"https:\/\/mrronin.com\/no\/wp-json\/wp\/v2\/pages\/6296\/revisions\/6298"}],"wp:attachment":[{"href":"https:\/\/mrronin.com\/no\/wp-json\/wp\/v2\/media?parent=6296"}],"curies":[{"name":"wp","href":"https:\/\/api.w.org\/{rel}","templated":true}]}}