{"id":6289,"date":"2020-05-16T13:49:07","date_gmt":"2020-05-16T11:49:07","guid":{"rendered":"https:\/\/mrronin.com\/?page_id=6289"},"modified":"2020-05-16T13:49:25","modified_gmt":"2020-05-16T11:49:25","slug":"kopvillkor","status":"publish","type":"page","link":"https:\/\/mrronin.com\/no\/kopvillkor\/","title":{"rendered":"K\u00f6pvillkor"},"content":{"rendered":"<div id=\"pl-6289\"  class=\"panel-layout\" ><div id=\"pg-6289-0\"  class=\"panel-grid panel-no-style\" ><div id=\"pgc-6289-0-0\"  class=\"panel-grid-cell\" ><div id=\"panel-6289-0-0-0\" class=\"so-panel widget widget_sow-editor panel-first-child panel-last-child\" data-index=\"0\" ><div\n\t\t\t\n\t\t\tclass=\"so-widget-sow-editor so-widget-sow-editor-base\"\n\t\t\t\n\t\t>\n<div class=\"siteorigin-widget-tinymce textwidget\">\n\t<p>Vers.nr.190713-2<br \/>\n<strong>K\u00d6PVILLKOR<\/strong>\t\t<\/p>\n<p><strong>Best\u00e4llning: <\/strong><br \/>\nEn best\u00e4llning \u00e4r genomf\u00f6rd i det \u00f6gonblicket som du bekr\u00e4ftar k\u00f6pet och erh\u00e5ller en orderbekr\u00e4ftelse ifr\u00e5n oss. Om du inte erh\u00e5ller en orderbekr\u00e4ftelse b\u00f6r du kontakta oss p\u00e5 info@mrronin.se f\u00f6r att kontrollera att din best\u00e4llning \u00e4r mottagen av oss.<\/p>\n<p><strong>Fraktkostnad till Mellan\u00f6stern, \u00d6stra Europa inkl. Ryssland:<\/strong><br \/>\nDessa priser varierar stort beroende p\u00e5 slutdestination och vikt.<br \/>\nLeveranspris per kolli, fastst\u00e4lls av Logistikavdelningen vid packning. D\u00e4refter informeras kunden om priset f\u00f6r att f\u00e5 ett klartecken innan f\u00f6rs\u00e4ndelsen skickas.<\/p>\n<p><strong>Fraktkostnad till \u00d6vriga V\u00e4rlden:<\/strong><br \/>\nDessa priser varierar stort beroende p\u00e5 slutdestination och vikt.<br \/>\nLeveranspris per kolli, fastst\u00e4lls av Logistikavdelningen vid packning. D\u00e4refter informeras kunden om priset f\u00f6r att f\u00e5 ett klartecken innan f\u00f6rs\u00e4ndelsen skickas.<\/p>\n<p><strong>Leveransvillkor:<\/strong><br \/>\nLeverans sker genom Post Nord. Specialtransport enligt \u00f6verenskommelse, (DHL, UPS, FedEx).<br \/>\nAnge g\u00e4rna mobilnummer f\u00f6r att f\u00e5 SMS-avisering av transport\u00f6r.<\/p>\n<p><strong>Leveranstid:<\/strong><br \/>\nOrderns ber\u00e4knade leveranstid anges i orderk\u00e4nnandet som du f\u00e5r efter att du mottagit orderbekr\u00e4ftelsen. N\u00e4r ordern har skickats fr\u00e5n Mr Ronin \u00e4r leveranstiden oftast 2-5 arbetsdagar beroende p\u00e5 mottagarland. Tiden kan dock vara l\u00e4ngre till l\u00e4nder d\u00e4r speciell f\u00f6rtullning m\u00e5ste ske.<\/p>\n<p><strong>Betalningsvillkor:<\/strong><br \/>\nMr Ronin fakturerar med 30 dagars villkor fr\u00e5n det datum d\u00e5 ordererk\u00e4nnande l\u00e4mnats.<br \/>\nMr Ronin f\u00f6rbeh\u00e5ller sig r\u00e4tten att neka fakturabetalning.<\/p>\n<p><strong>Prisinformation:<\/strong><br \/>\nD\u00e5 v\u00e5rt fokus ligger p\u00e5 B2B, (Business to Business) och \u00e4ven arbetar internationellt, s\u00e5 anges priser exklusive moms p\u00e5 webben.<\/p>\n<p>Priser kan ocks\u00e5 skilja sig fr\u00e5n ett k\u00f6ptillf\u00e4lle till ett annat p.g.a. varierande valutakurser.<br \/>\nMr Ronin reserverar sig f\u00f6r eventuella tryckfel och f\u00f6rbeh\u00e5ller sig r\u00e4tten att justera priset vid \u00f6kade kostnader till f\u00f6ljd av tullavgifter, skatter och\/eller andra offentliga avgifter eller p\u00e5lagor.<\/p>\n<p><strong>Returer & byten:<\/strong><br \/>\nVid k\u00f6p hos oss till\u00e4mpas konsumentk\u00f6plagen vilket inneb\u00e4r att du som konsument alltid har 14 dagars \u00e5ngerr\u00e4tt och d\u00e4rf\u00f6r kan returnera varorna inom 14 dagar. <strong>Returer \u00e4r endast giltiga vid obruten f\u00f6rpackning. <\/strong><\/p>\n<p><strong>Vid Returer eller byte:<\/strong><br \/>\nS\u00e5h\u00e4r g\u00f6r du:<br \/>\n1.\tKontakta Mr Ronin via info@mrronin. F\u00f6rklara situationen.<br \/>\n2.\tBe om ett formul\u00e4r - Retur\/Byte\/Reklamation. Skriv ut det ifyllda formul\u00e4ret och bifoga det tillsammans med varan du returnerar till Mr Ronin.<br \/>\n3.\tDu som kund st\u00e5r sj\u00e4lv f\u00f6r returfrakten vid \u00e5ngrat k\u00f6p eller byte. Frakten dras av fr\u00e5n varuv\u00e4rdet vid \u00e5terbetalningen som sker n\u00e4r returen levererats till Mr Ronin.<\/p>\n<p><strong>Reklamationer: <\/strong><br \/>\nF\u00f6r att reklamera en vara f\u00f6ljer du samma steg som p\u00e5 Returer & byten med skillnaden att du som kund inte beh\u00f6ver betala f\u00f6r frakten.<br \/>\nEn anv\u00e4nd maskin som reklameras p.g.a. av orsaker som har sin grund i felaktig hantering godk\u00e4nns inte. <\/p>\n<p><strong>OBS! F\u00f6r att en retur eller reklamation av en Ronin Power Ascender ska accepteras, skall denne skickas tillbaka i sin originalf\u00f6rpackning, (kartong med skum) eller den v\u00e4ska, (Hard Case) som finns att k\u00f6pa till.<\/strong><\/p>\n<p><strong>\u00c5terbetalning:<\/strong><br \/>\nOm betalning skett med faktura kommer Mr Ronin skicka en kredit p\u00e5 retursumman s\u00e5 fort vi mottagit och behandlat din retur. <\/p>\n<p><strong>Ej uth\u00e4mtat paket:<\/strong><br \/>\nDet \u00e4r b\u00e5de b\u00e4ttre och billigare att alltid h\u00e4mta ut ett paket och skicka tillbaka det till oss om man inte \u00f6nskar varan eller varorna.  I fall d\u00e4r paket inte h\u00e4mtats ut p\u00e5 uth\u00e4mtningsst\u00e4llet debiteras Mr Ronin en avgift av v\u00e5ra leveranspartners f\u00f6r frakt till och fr\u00e5n uth\u00e4mtningsst\u00e4llet samt en administrativ avgift. F\u00f6r dessa kostnader, samt administrativa kostnader f\u00f6r den hantering som detta orsakar Mr Ronin, debiterar vi 3 000 kr ink moms per outh\u00e4mtat paket. <\/p>\n<p><strong>Garanti:<\/strong><br \/>\nMr Ronins produkter och tillbeh\u00f6r har en garanti f\u00f6r tillverkningsfel, som str\u00e4cker sig 90 dagar fr\u00e5n ursprungligt ink\u00f6psdatum. Mr Ronins enda \u00e5tagande ang\u00e5ende s\u00e5dana defekter under dessa 90 dagar \u00e4r att reparera eller byta ut den defekta delen eller produkten mot en j\u00e4mf\u00f6rbar del eller produkt efter eget gottfinnande. F\u00f6rutom s\u00e5dan reparation eller utbyte, \u00e4r f\u00f6rs\u00e4ljning, bearbetning eller annan behandling av denna produkt utan garanti, villkor eller annan f\u00f6rpliktelse \u00e4ven om defekten eller f\u00f6rlusten orsakats av f\u00f6rsumlighet eller annat misstag. Skada som \u00e4r ett resultat av anv\u00e4ndning, olycksh\u00e4ndelse eller normalt slitage t\u00e4cks inte av denna eller n\u00e5gon annan garanti. Mr Ronin tar inte p\u00e5 sig ansvaret f\u00f6r n\u00e5gon som helst olycka, skada, d\u00f6dsfall, f\u00f6rlust eller annat anspr\u00e5k som har att g\u00f6ra med eller som \u00e4r ett resultat av anv\u00e4ndandet av denna produkt. Under inga som helst omst\u00e4ndigheter skall Mr Ronin h\u00e5llas ansvarig f\u00f6r tillf\u00e4lliga skador eller f\u00f6ljdskador som har att g\u00f6ra med eller \u00e4r ett resultat av anv\u00e4ndningen av denna produkt eller n\u00e5gon av dess delar. Denna produkt har ingen garanti mot reparationer utf\u00f6rda av anv\u00e4ndare och s\u00e5dana reparationer av anv\u00e4ndare upph\u00e4ver garantin. Ingen maskin skall \u00f6ppnas av annan \u00e4n Mr Ronin, eller av Mr Ronin certifierad och godk\u00e4nd person. En otill\u00e5ten \u00f6ppning av maskinen\/bruten sigil, upph\u00e4ver garantin. Returer eller ers\u00e4ttning av delar och\/eller produkter kan komma att inneb\u00e4ra avgifter f\u00f6r transport, hantering, utbyte och\/eller \u00e5terk\u00f6psavgift.<\/p>\n<p><strong>Mr Ronin st\u00e4ller krav p\u00e5:<\/strong><br \/>\n\u2022\tatt anv\u00e4ndaren har l\u00e4st och f\u00f6rst\u00e5tt anv\u00e4ndarmanualen ( https:\/\/mrronin.com\/manualer\/ USER MANUAL \u2013 RONIN MR400 ASCENDER ).<br \/>\n\u2022\tatt anv\u00e4ndaren besitter\/har grundl\u00e4ggande kunskaper vad g\u00e4ller arbete \/ aktivitet p\u00e5 h\u00f6jd.<br \/>\n\u2022\tatt anv\u00e4ndare anv\u00e4nder sig av ett extra s\u00e4kerhetsrep, en safety line\/Back Up system.<br \/>\n\u2022\tatt anv\u00e4ndaren besitter\/har grundl\u00e4ggande kunskaper vad g\u00e4ller rep med m\u00e4rkning EN 1891 och EN 564. (se - Rope Requirements - page 16 i MR400 User Manual).<br \/>\n\u2022\tatt kunden innan anv\u00e4ndning har sett videon \u2013 Loading rope. Om ett rep fastnar i maskinen vid laddning s\u00e5 f\u00e5r kunden st\u00e5 f\u00f6r eventuella kostnader i samband med att l\u00f6sa problemet. \u00d6ppnas maskinen upp av annan \u00e4n Mr Ronin eller av Mr Ronin certifierad service personal, om sigil-tejpen bryts, upph\u00f6r ascenderns garanti att g\u00e4lla.<br \/>\n\u2022\tatt alla returer\/servis f\u00f6rs\u00e4ndelser m\u00e5ste ske i Ronins orginal kartong (den med foam) eller i den HC, (Hard Case) som tillh\u00f6r ascendern. Om inte s\u00e5 upph\u00f6r den garanti som f\u00f6ljer maskinen vid ett k\u00f6p.<br \/>\n\u2022\tatt \u00e5rlig kontroll och service f\u00f6r ascendern utf\u00f6rs enligt lag. Detta g\u00f6rs av Mr Ronin eller anvisad serviceverkstad.<\/p>\n<p><strong>Behandling av personuppgifter:<\/strong><br \/>\nVi f\u00f6ljer reglerna i EU:s dataskyddsf\u00f6rordningen General Data Protection Regulation (GDPR) samt den svenska lagstiftningen som har anknytning till GDPR.<\/p>\n<p>F\u00f6r utskick av nyhetsbrev registrerar vi namn och e-postadress. Du kan n\u00e4r som helst avregistrera dig fr\u00e5n v\u00e5rt nyhetsbrev.<\/p>\n<p><strong>Uppgifter om kakor (cookies)<\/strong>:<br \/>\nDenna hemsida anv\u00e4nder kakor f\u00f6r anonymiserad statistik fr\u00e5n Google Analytics. Inga uppgifter lagras om enskilda bes\u00f6kare. Kakor anv\u00e4nds ocks\u00e5 f\u00f6r att m\u00f6jligg\u00f6ra inloggning p\u00e5 www.mrronin.com<\/p>\n<p><strong>Kundtj\u00e4nst:<\/strong><br \/>\nMR RONIN<br \/>\nTelefon: +46(0)8 550 333 00<br \/>\nMail: info@mrronin.com<br \/>\n\u00d6ppettider: 09:00 \u2013 18:00 CET time.<\/p>\n<p>Mr Ronin AB<br \/>\nP.O box 3089<br \/>\nSE-103 61 Stockholm<br \/>\nSWEDEN<\/p>\n<\/div>\n<\/div><\/div><\/div><\/div><\/div>","protected":false},"excerpt":{"rendered":"<p>Vers.nr.190713-2 K\u00d6PVILLKOR Best\u00e4llning: En best\u00e4llning \u00e4r genomf\u00f6rd i det \u00f6gonblicket som du bekr\u00e4ftar k\u00f6pet och erh\u00e5ller en orderbekr\u00e4ftelse ifr\u00e5n oss. Om du inte erh\u00e5ller en orderbekr\u00e4ftelse b\u00f6r du kontakta oss p\u00e5 info@mrronin.se f\u00f6r att kontrollera att din best\u00e4llning \u00e4r mottagen av oss. Fraktkostnad till Mellan\u00f6stern, \u00d6stra Europa inkl. Ryssland: Dessa priser varierar stort beroende p\u00e5 [&#8230;]<\/p>\n<p><a class=\"btn btn-secondary understrap-read-more-link\" href=\"https:\/\/mrronin.com\/no\/kopvillkor\/\">Les mer&#8230;<span class=\"screen-reader-text\"> from K\u00f6pvillkor<\/span><\/a><\/p>\n","protected":false},"author":3,"featured_media":0,"parent":0,"menu_order":0,"comment_status":"closed","ping_status":"closed","template":"page-full-width.php","meta":{"_acf_changed":false,"footnotes":""},"class_list":["post-6289","page","type-page","status-publish","hentry"],"acf":[],"_links":{"self":[{"href":"https:\/\/mrronin.com\/no\/wp-json\/wp\/v2\/pages\/6289","targetHints":{"allow":["GET"]}}],"collection":[{"href":"https:\/\/mrronin.com\/no\/wp-json\/wp\/v2\/pages"}],"about":[{"href":"https:\/\/mrronin.com\/no\/wp-json\/wp\/v2\/types\/page"}],"author":[{"embeddable":true,"href":"https:\/\/mrronin.com\/no\/wp-json\/wp\/v2\/users\/3"}],"replies":[{"embeddable":true,"href":"https:\/\/mrronin.com\/no\/wp-json\/wp\/v2\/comments?post=6289"}],"version-history":[{"count":2,"href":"https:\/\/mrronin.com\/no\/wp-json\/wp\/v2\/pages\/6289\/revisions"}],"predecessor-version":[{"id":6291,"href":"https:\/\/mrronin.com\/no\/wp-json\/wp\/v2\/pages\/6289\/revisions\/6291"}],"wp:attachment":[{"href":"https:\/\/mrronin.com\/no\/wp-json\/wp\/v2\/media?parent=6289"}],"curies":[{"name":"wp","href":"https:\/\/api.w.org\/{rel}","templated":true}]}}