{"id":6269,"date":"2020-05-16T13:43:02","date_gmt":"2020-05-16T11:43:02","guid":{"rendered":"https:\/\/mrronin.com\/?page_id=6269"},"modified":"2020-05-16T13:44:26","modified_gmt":"2020-05-16T11:44:26","slug":"mr400-pro-kit","status":"publish","type":"page","link":"https:\/\/mrronin.com\/no\/mr400-pro-kit\/","title":{"rendered":"MR400 Pro kit"},"content":{"rendered":"<div id=\"pl-6269\"  class=\"panel-layout\" ><div id=\"pg-6269-0\"  class=\"panel-grid panel-has-style\" ><div class=\"siteorigin-panels-stretch panel-row-style panel-row-style-for-6269-0\" data-stretch-type=\"full\" ><div id=\"pgc-6269-0-0\"  class=\"panel-grid-cell panel-grid-cell-mobile-last\" ><div id=\"panel-6269-0-0-0\" class=\"so-panel widget widget_sow-editor panel-first-child panel-last-child\" data-index=\"0\" ><div class=\"text-left panel-widget-style panel-widget-style-for-6269-0-0-0\" ><div\n\t\t\t\n\t\t\tclass=\"so-widget-sow-editor so-widget-sow-editor-base\"\n\t\t\t\n\t\t><h3 class=\"widget-title\">F\u00d6R PROFESSIONELLA ANV\u00c4NDARE<\/h3>\n<div class=\"siteorigin-widget-tinymce textwidget\">\n\t<div class=\"siteorigin-widget-tinymce textwidget\">\n<p>MR400 Pro Kit \u00e4r v\u00e5rt finaste och mest kompletta utrustningspaket framtaget f\u00f6r dig som \u00e4r professionell. Det inneh\u00e5ller allt du beh\u00f6ver och lite till. En f\u00e4rdigpackad \" Grab Bag\" redo att brukas n\u00e4r det hettar till.<\/p>\n<p>Denna v\u00e4ska passar v\u00e4ldigt bra f\u00f6r myndigheter eller organisationer d\u00e4r flera personer delar p\u00e5 en och samma utrustning, jobbar skift eller av andra anledningar inte kr\u00e4ver daglig tillg\u00e5ng.<\/p>\n<p>Kittet \u00e4r komplett. D\u00e4rf\u00f6r r\u00e4cker det med att anv\u00e4ndaren har med sig sin grundl\u00e4ggande PPE (sele, hj\u00e4lm) och rep.<\/p>\n<\/div>\n<\/div>\n<\/div><\/div><\/div><\/div><div id=\"pgc-6269-0-1\"  class=\"panel-grid-cell panel-grid-cell-empty\" ><\/div><\/div><\/div><div id=\"pg-6269-1\"  class=\"panel-grid panel-has-style\" ><div class=\"siteorigin-panels-stretch panel-row-style panel-row-style-for-6269-1\" data-stretch-type=\"full-stretched\" ><div id=\"pgc-6269-1-0\"  class=\"panel-grid-cell\" ><div id=\"panel-6269-1-0-0\" class=\"so-panel widget widget_grid-image-widget panel-first-child panel-last-child\" data-index=\"1\" ><div\n\t\t\t\n\t\t\tclass=\"so-widget-grid-image-widget so-widget-grid-image-widget-base\"\n\t\t\t\n\t\t>\t<style>\n\t\t.widget_grid-image-widget {\n\t\t\theight: 100%;\n\t\t}\n\t\t\n\t\t.gridImageContentWrapper {\n\t\t\tposition: relative;\n\t\t\tz-index: 1;\n\t\t}\n\t\t\n\t\t.gridImageBackgroundContainer {\n\t\t\tposition: absolute;\n\t\t\tz-index: 0;\n\t\t\twidth: 100%;\n\t\t\theight: 100%;\n\t\t\t\n\t\t\ttop:0;\n\t\t\tleft: 0;\n\t\t}\n\n\n    a.gridImageLink h2, a.gridImageLink p {\n     color: #000;\n     text-decoration: none !important;\n    }\n    \n    a.gridImageLink, a.gridImageLink h2:hover, a.gridImageLink p:hover {\n      text-decoration: none !important;\n    }\n\n    a.gridImageLink h2.gridImage-whiteTextColor, a.gridImageLink p.gridImage-whiteTextColor {\n      color: #fff;\n    }\n\t\t\t\t\n\t\t@media screen and (max-width: 768px) {\n\t\t\t.gridImageMainContainer {\n\t\t\t\tpadding-left: 3rem !important;\n\t\t\t}\n\t\t}\n\t<\/style>\n\n<div style=\"height:100%; display: block;\">\n\t\t<a href=\"#\" class=\"gridImageLink\">\n\t\n  \t<div class=\"gridImageMainContainer \"\n  \t\tstyle=\"\n  \t\t\tpadding:3rem;\n  \t\t\tpadding-bottom: 6rem;\n  \t\t\tpadding-left:6rem;\n  \t\t\tbackground-color: #ffffff;\n  \t\t\tbackground-image: https:\/\/mrronin.com\/wp-content\/uploads\/2019\/06\/prokit_01-scaled.jpg;\n  \t\t\tbackground-repeat: no-repeat;\n  \t\t\tbackground-size: cover;\n  \t\t\tbackground-position: center center;\n  \t\t\t\n  \t\t\theight: 100%;\n  \n  \t\t\tdisplay: block;  \t\t\t\n  \t\t\t\n  \t\t\tposition: relative;\n  \t\t\">\n  \n  \t\t<div class=\"contentWrapper\" style=\"\n  \t\t\tmax-width: 480px;\n  \t\t\tpadding-top:280px;\n  \t\t\">\n\t  \t\t\n\t  \t\t<div class=\"gridImageContentWrapper\">\n\t  \t\t\t<h2 class=\"\">  <\/h2>\n\t  \t\t\t<p class=\"\"><strong><\/strong><\/p>\n\t  \t\t\t<p class=\"\"><\/p>\n\t  \t\t\t<p class=\"\"><strong><\/strong><\/p>\n\t  \t\t<\/div>\n\t  \t\t\n\t\t\t\t<div class=\"gridImageBackgroundContainer\">\n\t\t\t\t\t<picture>\n\t\t\t\t\t <source\n\t\t\t\t\t   media=\"(min-width: 768px)\"\n\t\t\t\t\t   srcset=\"https:\/\/mrronin.com\/wp-content\/uploads\/2019\/06\/prokit_01-scaled.jpg 1x\"\n\t\t\t\t\t   type=\"image\/jpeg\"\n\t\t\t\t\t   style=\"height: 100%; width: 100%; object-fit: cover;\">\n\t\t\t\t\t <img decoding=\"async\"\n\t\t\t\t\t   src=\"https:\/\/mrronin.com\/wp-content\/uploads\/2019\/06\/prokit_01_mob.jpg\"\n\t\t\t\t\t   type=\"image\/jpeg\"\n\t\t\t\t\t   alt=\"image description\"\n\t\t\t\t\t   style=\"height: 100%; width: 100%; object-fit: cover;\">\n\t\t\t\t\t<\/picture>\n\t\t\t\t<\/div>\n  \t\t<\/div>\n\n  \t\t  \t<\/div>\n\t\t<\/a>\n\t  \t\n<\/div><\/div><\/div><\/div><\/div><\/div><div id=\"pg-6269-2\"  class=\"panel-grid panel-has-style\" ><div class=\"siteorigin-panels-stretch panel-row-style panel-row-style-for-6269-2\" data-stretch-type=\"full-stretched\" ><div id=\"pgc-6269-2-0\"  class=\"panel-grid-cell\" ><div id=\"panel-6269-2-0-0\" class=\"so-panel widget widget_grid-image-widget panel-first-child panel-last-child\" data-index=\"2\" ><div\n\t\t\t\n\t\t\tclass=\"so-widget-grid-image-widget so-widget-grid-image-widget-base\"\n\t\t\t\n\t\t>\t<style>\n\t\t.widget_grid-image-widget {\n\t\t\theight: 100%;\n\t\t}\n\t\t\n\t\t.gridImageContentWrapper {\n\t\t\tposition: relative;\n\t\t\tz-index: 1;\n\t\t}\n\t\t\n\t\t.gridImageBackgroundContainer {\n\t\t\tposition: absolute;\n\t\t\tz-index: 0;\n\t\t\twidth: 100%;\n\t\t\theight: 100%;\n\t\t\t\n\t\t\ttop:0;\n\t\t\tleft: 0;\n\t\t}\n\n\n    a.gridImageLink h2, a.gridImageLink p {\n     color: #000;\n     text-decoration: none !important;\n    }\n    \n    a.gridImageLink, a.gridImageLink h2:hover, a.gridImageLink p:hover {\n      text-decoration: none !important;\n    }\n\n    a.gridImageLink h2.gridImage-whiteTextColor, a.gridImageLink p.gridImage-whiteTextColor {\n      color: #fff;\n    }\n\t\t\t\t\n\t\t@media screen and (max-width: 768px) {\n\t\t\t.gridImageMainContainer {\n\t\t\t\tpadding-left: 3rem !important;\n\t\t\t}\n\t\t}\n\t<\/style>\n\n<div style=\"height:100%; display: block;\">\n\t\t<span class=\"gridImageLink\">\n\t\n  \t<div class=\"gridImageMainContainer \"\n  \t\tstyle=\"\n  \t\t\tpadding:3rem;\n  \t\t\tpadding-bottom: 6rem;\n  \t\t\tpadding-left:6rem;\n  \t\t\tbackground-color: #fff;\n  \t\t\tbackground-image: https:\/\/mrronin.com\/wp-content\/uploads\/2019\/06\/bg3.png;\n  \t\t\tbackground-repeat: no-repeat;\n  \t\t\tbackground-size: cover;\n  \t\t\tbackground-position: center center;\n  \t\t\t\n  \t\t\theight: 100%;\n  \n  \t\t\tdisplay: block;  \t\t\t\n  \t\t\t\n  \t\t\tposition: relative;\n  \t\t\">\n  \n  \t\t<div class=\"contentWrapper\" style=\"\n  \t\t\tmax-width: 480px;\n  \t\t\tpadding-top:280px;\n  \t\t\">\n\t  \t\t\n\t  \t\t<div class=\"gridImageContentWrapper\">\n\t  \t\t\t<h2 class=\"\">Inneh\u00e5ll  <\/h2>\n\t  \t\t\t<p class=\"\"><strong><\/strong><\/p>\n\t  \t\t\t<p class=\"\">1 st Ascender, 2 st batterier, 1 st Petzl ASAP w ASAP\u2019SORBER AXESS Kit, 1 st Riggplatta med en 10 cm distanslinga.\n4 - 8 st karbiner, 1 st Repborste, 1 st upps\u00e4ttning snabbguide och anv\u00e4ndarmanual.<\/p>\n\t  \t\t\t<p class=\"\"><strong><\/strong><\/p>\n\t  \t\t<\/div>\n\t  \t\t\n\t\t\t\t<div class=\"gridImageBackgroundContainer\">\n\t\t\t\t\t<picture>\n\t\t\t\t\t <source\n\t\t\t\t\t   media=\"(min-width: 768px)\"\n\t\t\t\t\t   srcset=\"https:\/\/mrronin.com\/wp-content\/uploads\/2019\/06\/bg3.png 1x\"\n\t\t\t\t\t   type=\"image\/jpeg\"\n\t\t\t\t\t   style=\"height: 100%; width: 100%; object-fit: cover;\">\n\t\t\t\t\t <img decoding=\"async\"\n\t\t\t\t\t   src=\"https:\/\/mrronin.com\/wp-content\/uploads\/2019\/06\/bg3.png\"\n\t\t\t\t\t   type=\"image\/jpeg\"\n\t\t\t\t\t   alt=\"image description\"\n\t\t\t\t\t   style=\"height: 100%; width: 100%; object-fit: cover;\">\n\t\t\t\t\t<\/picture>\n\t\t\t\t<\/div>\n  \t\t<\/div>\n\n  \t\t  \t<\/div>\n\t\t<\/span>\n\t  \t\n<\/div><\/div><\/div><\/div><div id=\"pgc-6269-2-1\"  class=\"panel-grid-cell\" ><div id=\"panel-6269-2-1-0\" class=\"so-panel widget widget_grid-image-widget panel-first-child panel-last-child\" data-index=\"3\" ><div\n\t\t\t\n\t\t\tclass=\"so-widget-grid-image-widget so-widget-grid-image-widget-base\"\n\t\t\t\n\t\t>\t<style>\n\t\t.widget_grid-image-widget {\n\t\t\theight: 100%;\n\t\t}\n\t\t\n\t\t.gridImageContentWrapper {\n\t\t\tposition: relative;\n\t\t\tz-index: 1;\n\t\t}\n\t\t\n\t\t.gridImageBackgroundContainer {\n\t\t\tposition: absolute;\n\t\t\tz-index: 0;\n\t\t\twidth: 100%;\n\t\t\theight: 100%;\n\t\t\t\n\t\t\ttop:0;\n\t\t\tleft: 0;\n\t\t}\n\n\n    a.gridImageLink h2, a.gridImageLink p {\n     color: #000;\n     text-decoration: none !important;\n    }\n    \n    a.gridImageLink, a.gridImageLink h2:hover, a.gridImageLink p:hover {\n      text-decoration: none !important;\n    }\n\n    a.gridImageLink h2.gridImage-whiteTextColor, a.gridImageLink p.gridImage-whiteTextColor {\n      color: #fff;\n    }\n\t\t\t\t\n\t\t@media screen and (max-width: 768px) {\n\t\t\t.gridImageMainContainer {\n\t\t\t\tpadding-left: 3rem !important;\n\t\t\t}\n\t\t}\n\t<\/style>\n\n<div style=\"height:100%; display: block;\">\n\t\t<a href=\"#\" class=\"gridImageLink\">\n\t\n  \t<div class=\"gridImageMainContainer \"\n  \t\tstyle=\"\n  \t\t\tpadding:3rem;\n  \t\t\tpadding-bottom: 6rem;\n  \t\t\tpadding-left:6rem;\n  \t\t\tbackground-color: #ffffff;\n  \t\t\tbackground-image: https:\/\/mrronin.com\/wp-content\/uploads\/2019\/06\/prokit_04.jpg;\n  \t\t\tbackground-repeat: no-repeat;\n  \t\t\tbackground-size: cover;\n  \t\t\tbackground-position: center center;\n  \t\t\t\n  \t\t\theight: 100%;\n  \n  \t\t\tdisplay: block;  \t\t\t\n  \t\t\t\n  \t\t\tposition: relative;\n  \t\t\">\n  \n  \t\t<div class=\"contentWrapper\" style=\"\n  \t\t\tmax-width: 480px;\n  \t\t\tpadding-top:280px;\n  \t\t\">\n\t  \t\t\n\t  \t\t<div class=\"gridImageContentWrapper\">\n\t  \t\t\t<h2 class=\"\">  <\/h2>\n\t  \t\t\t<p class=\"\"><strong><\/strong><\/p>\n\t  \t\t\t<p class=\"\"><\/p>\n\t  \t\t\t<p class=\"\"><strong><\/strong><\/p>\n\t  \t\t<\/div>\n\t  \t\t\n\t\t\t\t<div class=\"gridImageBackgroundContainer\">\n\t\t\t\t\t<picture>\n\t\t\t\t\t <source\n\t\t\t\t\t   media=\"(min-width: 768px)\"\n\t\t\t\t\t   srcset=\"https:\/\/mrronin.com\/wp-content\/uploads\/2019\/06\/prokit_04.jpg 1x\"\n\t\t\t\t\t   type=\"image\/jpeg\"\n\t\t\t\t\t   style=\"height: 100%; width: 100%; object-fit: cover;\">\n\t\t\t\t\t <img decoding=\"async\"\n\t\t\t\t\t   src=\"https:\/\/mrronin.com\/wp-content\/uploads\/2019\/06\/prokit_04_mob.jpg\"\n\t\t\t\t\t   type=\"image\/jpeg\"\n\t\t\t\t\t   alt=\"image description\"\n\t\t\t\t\t   style=\"height: 100%; width: 100%; object-fit: cover;\">\n\t\t\t\t\t<\/picture>\n\t\t\t\t<\/div>\n  \t\t<\/div>\n\n  \t\t  \t<\/div>\n\t\t<\/a>\n\t  \t\n<\/div><\/div><\/div><\/div><\/div><\/div><div id=\"pg-6269-3\"  class=\"panel-grid panel-has-style\" ><div class=\"siteorigin-panels-stretch panel-row-style panel-row-style-for-6269-3\" data-stretch-type=\"full-stretched\" ><div id=\"pgc-6269-3-0\"  class=\"panel-grid-cell\" ><div id=\"panel-6269-3-0-0\" class=\"so-panel widget widget_grid-image-widget panel-first-child panel-last-child\" data-index=\"4\" ><div\n\t\t\t\n\t\t\tclass=\"so-widget-grid-image-widget so-widget-grid-image-widget-base\"\n\t\t\t\n\t\t>\t<style>\n\t\t.widget_grid-image-widget {\n\t\t\theight: 100%;\n\t\t}\n\t\t\n\t\t.gridImageContentWrapper {\n\t\t\tposition: relative;\n\t\t\tz-index: 1;\n\t\t}\n\t\t\n\t\t.gridImageBackgroundContainer {\n\t\t\tposition: absolute;\n\t\t\tz-index: 0;\n\t\t\twidth: 100%;\n\t\t\theight: 100%;\n\t\t\t\n\t\t\ttop:0;\n\t\t\tleft: 0;\n\t\t}\n\n\n    a.gridImageLink h2, a.gridImageLink p {\n     color: #000;\n     text-decoration: none !important;\n    }\n    \n    a.gridImageLink, a.gridImageLink h2:hover, a.gridImageLink p:hover {\n      text-decoration: none !important;\n    }\n\n    a.gridImageLink h2.gridImage-whiteTextColor, a.gridImageLink p.gridImage-whiteTextColor {\n      color: #fff;\n    }\n\t\t\t\t\n\t\t@media screen and (max-width: 768px) {\n\t\t\t.gridImageMainContainer {\n\t\t\t\tpadding-left: 3rem !important;\n\t\t\t}\n\t\t}\n\t<\/style>\n\n<div style=\"height:100%; display: block;\">\n\t\t<a href=\"#\" class=\"gridImageLink\">\n\t\n  \t<div class=\"gridImageMainContainer \"\n  \t\tstyle=\"\n  \t\t\tpadding:3rem;\n  \t\t\tpadding-bottom: 6rem;\n  \t\t\tpadding-left:6rem;\n  \t\t\tbackground-color: #ffffff;\n  \t\t\tbackground-image: https:\/\/mrronin.com\/wp-content\/uploads\/2019\/06\/prokit_03-3.jpg;\n  \t\t\tbackground-repeat: no-repeat;\n  \t\t\tbackground-size: cover;\n  \t\t\tbackground-position: center center;\n  \t\t\t\n  \t\t\theight: 100%;\n  \n  \t\t\tdisplay: block;  \t\t\t\n  \t\t\t\n  \t\t\tposition: relative;\n  \t\t\">\n  \n  \t\t<div class=\"contentWrapper\" style=\"\n  \t\t\tmax-width: 480px;\n  \t\t\tpadding-top:280px;\n  \t\t\">\n\t  \t\t\n\t  \t\t<div class=\"gridImageContentWrapper\">\n\t  \t\t\t<h2 class=\"\">  <\/h2>\n\t  \t\t\t<p class=\"\"><strong><\/strong><\/p>\n\t  \t\t\t<p class=\"\"><\/p>\n\t  \t\t\t<p class=\"\"><strong><\/strong><\/p>\n\t  \t\t<\/div>\n\t  \t\t\n\t\t\t\t<div class=\"gridImageBackgroundContainer\">\n\t\t\t\t\t<picture>\n\t\t\t\t\t <source\n\t\t\t\t\t   media=\"(min-width: 768px)\"\n\t\t\t\t\t   srcset=\"https:\/\/mrronin.com\/wp-content\/uploads\/2019\/06\/prokit_03-3.jpg 1x\"\n\t\t\t\t\t   type=\"image\/jpeg\"\n\t\t\t\t\t   style=\"height: 100%; width: 100%; object-fit: cover;\">\n\t\t\t\t\t <img decoding=\"async\"\n\t\t\t\t\t   src=\"https:\/\/mrronin.com\/wp-content\/uploads\/2019\/06\/prokit_03_mob.jpg\"\n\t\t\t\t\t   type=\"image\/jpeg\"\n\t\t\t\t\t   alt=\"image description\"\n\t\t\t\t\t   style=\"height: 100%; width: 100%; object-fit: cover;\">\n\t\t\t\t\t<\/picture>\n\t\t\t\t<\/div>\n  \t\t<\/div>\n\n  \t\t  \t<\/div>\n\t\t<\/a>\n\t  \t\n<\/div><\/div><\/div><\/div><div id=\"pgc-6269-3-1\"  class=\"panel-grid-cell\" ><div id=\"panel-6269-3-1-0\" class=\"so-panel widget widget_grid-image-widget panel-first-child panel-last-child\" data-index=\"5\" ><div\n\t\t\t\n\t\t\tclass=\"so-widget-grid-image-widget so-widget-grid-image-widget-base\"\n\t\t\t\n\t\t>\t<style>\n\t\t.widget_grid-image-widget {\n\t\t\theight: 100%;\n\t\t}\n\t\t\n\t\t.gridImageContentWrapper {\n\t\t\tposition: relative;\n\t\t\tz-index: 1;\n\t\t}\n\t\t\n\t\t.gridImageBackgroundContainer {\n\t\t\tposition: absolute;\n\t\t\tz-index: 0;\n\t\t\twidth: 100%;\n\t\t\theight: 100%;\n\t\t\t\n\t\t\ttop:0;\n\t\t\tleft: 0;\n\t\t}\n\n\n    a.gridImageLink h2, a.gridImageLink p {\n     color: #000;\n     text-decoration: none !important;\n    }\n    \n    a.gridImageLink, a.gridImageLink h2:hover, a.gridImageLink p:hover {\n      text-decoration: none !important;\n    }\n\n    a.gridImageLink h2.gridImage-whiteTextColor, a.gridImageLink p.gridImage-whiteTextColor {\n      color: #fff;\n    }\n\t\t\t\t\n\t\t@media screen and (max-width: 768px) {\n\t\t\t.gridImageMainContainer {\n\t\t\t\tpadding-left: 3rem !important;\n\t\t\t}\n\t\t}\n\t<\/style>\n\n<div style=\"height:100%; display: block;\">\n\t\t<span class=\"gridImageLink\">\n\t\n  \t<div class=\"gridImageMainContainer \"\n  \t\tstyle=\"\n  \t\t\tpadding:3rem;\n  \t\t\tpadding-bottom: 6rem;\n  \t\t\tpadding-left:6rem;\n  \t\t\tbackground-color: #fff;\n  \t\t\tbackground-image: https:\/\/mrronin.com\/wp-content\/uploads\/2019\/06\/prokit_02.jpg;\n  \t\t\tbackground-repeat: no-repeat;\n  \t\t\tbackground-size: cover;\n  \t\t\tbackground-position: center center;\n  \t\t\t\n  \t\t\theight: 100%;\n  \n  \t\t\tdisplay: block;  \t\t\t\n  \t\t\t\n  \t\t\tposition: relative;\n  \t\t\">\n  \n  \t\t<div class=\"contentWrapper\" style=\"\n  \t\t\tmax-width: 480px;\n  \t\t\tpadding-top:280px;\n  \t\t\">\n\t  \t\t\n\t  \t\t<div class=\"gridImageContentWrapper\">\n\t  \t\t\t<h2 class=\"\">  <\/h2>\n\t  \t\t\t<p class=\"\"><strong><\/strong><\/p>\n\t  \t\t\t<p class=\"\"><\/p>\n\t  \t\t\t<p class=\"\"><strong><\/strong><\/p>\n\t  \t\t<\/div>\n\t  \t\t\n\t\t\t\t<div class=\"gridImageBackgroundContainer\">\n\t\t\t\t\t<picture>\n\t\t\t\t\t <source\n\t\t\t\t\t   media=\"(min-width: 768px)\"\n\t\t\t\t\t   srcset=\"https:\/\/mrronin.com\/wp-content\/uploads\/2019\/06\/prokit_02.jpg 1x\"\n\t\t\t\t\t   type=\"image\/jpeg\"\n\t\t\t\t\t   style=\"height: 100%; width: 100%; object-fit: cover;\">\n\t\t\t\t\t <img decoding=\"async\"\n\t\t\t\t\t   src=\"https:\/\/mrronin.com\/wp-content\/uploads\/2019\/06\/prokit_02.jpg\"\n\t\t\t\t\t   type=\"image\/jpeg\"\n\t\t\t\t\t   alt=\"image description\"\n\t\t\t\t\t   style=\"height: 100%; width: 100%; object-fit: cover;\">\n\t\t\t\t\t<\/picture>\n\t\t\t\t<\/div>\n  \t\t<\/div>\n\n  \t\t  \t<\/div>\n\t\t<\/span>\n\t  \t\n<\/div><\/div><\/div><\/div><\/div><\/div><div id=\"pg-6269-4\"  class=\"panel-grid panel-has-style\" ><div class=\"siteorigin-panels-stretch panel-row-style panel-row-style-for-6269-4\" data-stretch-type=\"full\" ><div id=\"pgc-6269-4-0\"  class=\"panel-grid-cell panel-grid-cell-mobile-last\" ><div id=\"panel-6269-4-0-0\" class=\"so-panel widget widget_sow-editor panel-first-child panel-last-child\" data-index=\"6\" ><div class=\"text-left panel-widget-style panel-widget-style-for-6269-4-0-0\" ><div\n\t\t\t\n\t\t\tclass=\"so-widget-sow-editor so-widget-sow-editor-base\"\n\t\t\t\n\t\t><h3 class=\"widget-title\">F\u00f6rvaring och hantering<\/h3>\n<div class=\"siteorigin-widget-tinymce textwidget\">\n\t<div class=\"siteorigin-widget-tinymce textwidget\">\n<p>Pro Kit \u00e4r f\u00f6r dig som reser mycket eller av andra anledningar har behov av en l\u00e4tthanterlig Power Ascender. V\u00e4skan \u00e4r l\u00e4tt att b\u00e4ra och enkel att packa. Den \u00e4r strykt\u00e5lig och skyddar Ascendern fr\u00e5n skador. Ett Pro Kit inneh\u00e5ller 2 st batterier och \u00e4r godk\u00e4nd att ta med p\u00e5 flyg.<\/p>\n<p style=\"text-align: left;\"><strong><em>Se g\u00e4rna teknisk data p\u00e5 - produktsidan, filmer och 3D-animeringar som visar b\u00e5de anv\u00e4ndning och funktion.<\/em><\/strong><\/p>\n<p>&nbsp;<\/p>\n<\/div>\n<\/div>\n<\/div><\/div><\/div><\/div><div id=\"pgc-6269-4-1\"  class=\"panel-grid-cell panel-grid-cell-empty\" ><\/div><\/div><\/div><\/div>","protected":false},"excerpt":{"rendered":"<p>MR400 Pro Kit \u00e4r v\u00e5rt finaste och mest kompletta utrustningspaket framtaget f\u00f6r dig som \u00e4r professionell. Det inneh\u00e5ller allt du beh\u00f6ver och lite till. En f\u00e4rdigpackad &raquo; Grab Bag&raquo; redo att brukas n\u00e4r det hettar till.Denna v\u00e4ska passar v\u00e4ldigt bra f\u00f6r myndigheter eller organisationer d\u00e4r flera personer delar p\u00e5 en och samma utrustning, jobbar skift [&#8230;]<\/p>\n<p><a class=\"btn btn-secondary understrap-read-more-link\" href=\"https:\/\/mrronin.com\/no\/mr400-pro-kit\/\">Les mer&#8230;<span class=\"screen-reader-text\"> from MR400 Pro kit<\/span><\/a><\/p>\n","protected":false},"author":3,"featured_media":0,"parent":0,"menu_order":0,"comment_status":"closed","ping_status":"closed","template":"page-full-width.php","meta":{"_acf_changed":false,"footnotes":""},"class_list":["post-6269","page","type-page","status-publish","hentry"],"acf":[],"_links":{"self":[{"href":"https:\/\/mrronin.com\/no\/wp-json\/wp\/v2\/pages\/6269","targetHints":{"allow":["GET"]}}],"collection":[{"href":"https:\/\/mrronin.com\/no\/wp-json\/wp\/v2\/pages"}],"about":[{"href":"https:\/\/mrronin.com\/no\/wp-json\/wp\/v2\/types\/page"}],"author":[{"embeddable":true,"href":"https:\/\/mrronin.com\/no\/wp-json\/wp\/v2\/users\/3"}],"replies":[{"embeddable":true,"href":"https:\/\/mrronin.com\/no\/wp-json\/wp\/v2\/comments?post=6269"}],"version-history":[{"count":3,"href":"https:\/\/mrronin.com\/no\/wp-json\/wp\/v2\/pages\/6269\/revisions"}],"predecessor-version":[{"id":6283,"href":"https:\/\/mrronin.com\/no\/wp-json\/wp\/v2\/pages\/6269\/revisions\/6283"}],"wp:attachment":[{"href":"https:\/\/mrronin.com\/no\/wp-json\/wp\/v2\/media?parent=6269"}],"curies":[{"name":"wp","href":"https:\/\/api.w.org\/{rel}","templated":true}]}}