{"id":5739,"date":"2019-03-01T23:23:58","date_gmt":"2019-03-01T22:23:58","guid":{"rendered":"https:\/\/stage.mrronin.com\/produkt\/09-edelweiss-guard-o-10-pack\/"},"modified":"2019-07-24T02:37:19","modified_gmt":"2019-07-24T00:37:19","slug":"09-edelweiss-guard-o-10-pack","status":"publish","type":"product","link":"https:\/\/mrronin.com\/en\/produkt\/09-edelweiss-guard-o-10-pack\/","title":{"rendered":"Edelweiss GUARD-O 10-pack"},"content":{"rendered":"<p>TEXT &#8211; RUTA utan betydelse&#8230;<br \/>\n(All den text som skrivs h\u00e4r syns inte n\u00e5gon stans p\u00e5 web-sidan).<\/p>\n<p>Tag g\u00e4rna bort.<\/p>\n","protected":false},"excerpt":{"rendered":"<p>Very good carabiners with a high quality.<br \/>\nAvailable with TL (Triact Lock) or SL (Screw Lock).<br \/>\nColour \u2013 blood-red.<\/p>\n<p>Supplied only in packs of 10. [&#8230;]<\/p>\n<p><a class=\"btn btn-secondary understrap-read-more-link\" href=\"https:\/\/mrronin.com\/en\/produkt\/09-edelweiss-guard-o-10-pack\/\">Read More&#8230;<span class=\"screen-reader-text\"> from Edelweiss GUARD-O 10-pack<\/span><\/a><\/p>\n","protected":false},"featured_media":4855,"comment_status":"open","ping_status":"closed","template":"","meta":{"_acf_changed":false},"product_brand":[],"product_cat":[39],"product_tag":[41,42,43,44,45,46],"class_list":{"0":"post-5739","1":"product","2":"type-product","3":"status-publish","4":"has-post-thumbnail","6":"product_cat-okategoriserad-en","7":"product_tag-batteries-en","8":"product_tag-hard-case-en","9":"product_tag-mr200-en","10":"product_tag-mr400-en","11":"product_tag-service-en","12":"product_tag-training-en","14":"first","15":"instock","16":"taxable","17":"shipping-taxable","18":"purchasable","19":"product-type-variable"},"acf":[],"_links":{"self":[{"href":"https:\/\/mrronin.com\/en\/wp-json\/wp\/v2\/product\/5739","targetHints":{"allow":["GET"]}}],"collection":[{"href":"https:\/\/mrronin.com\/en\/wp-json\/wp\/v2\/product"}],"about":[{"href":"https:\/\/mrronin.com\/en\/wp-json\/wp\/v2\/types\/product"}],"replies":[{"embeddable":true,"href":"https:\/\/mrronin.com\/en\/wp-json\/wp\/v2\/comments?post=5739"}],"wp:featuredmedia":[{"embeddable":true,"href":"https:\/\/mrronin.com\/en\/wp-json\/wp\/v2\/media\/4855"}],"wp:attachment":[{"href":"https:\/\/mrronin.com\/en\/wp-json\/wp\/v2\/media?parent=5739"}],"wp:term":[{"taxonomy":"product_brand","embeddable":true,"href":"https:\/\/mrronin.com\/en\/wp-json\/wp\/v2\/product_brand?post=5739"},{"taxonomy":"product_cat","embeddable":true,"href":"https:\/\/mrronin.com\/en\/wp-json\/wp\/v2\/product_cat?post=5739"},{"taxonomy":"product_tag","embeddable":true,"href":"https:\/\/mrronin.com\/en\/wp-json\/wp\/v2\/product_tag?post=5739"}],"curies":[{"name":"wp","href":"https:\/\/api.w.org\/{rel}","templated":true}]}}