{"id":5732,"date":"2019-03-02T01:03:03","date_gmt":"2019-03-02T00:03:03","guid":{"rendered":"https:\/\/stage.mrronin.com\/produkt\/2-edelweiss-bud\/"},"modified":"2020-04-23T21:49:19","modified_gmt":"2020-04-23T19:49:19","slug":"2-edelweiss-bud","status":"publish","type":"product","link":"https:\/\/mrronin.com\/en\/produkt\/2-edelweiss-bud\/","title":{"rendered":"12 Edelweiss BUD 10.5 mm"},"content":{"rendered":"<p>TEXT &#8211; RUTA utan betydelse&#8230;<br \/>\n(All den text som skrivs h\u00e4r syns inte n\u00e5gon stans p\u00e5 web-sidan).<\/p>\n<p>Tag g\u00e4rna bort.<\/p>\n","protected":false},"excerpt":{"rendered":"<p>Edelweiss BUD 10,5 mm. Versatile and very well worth its price for day-to-day work. Low elongation (2,9%).<\/p>\n<p> [&#8230;]<\/p>\n<p><a class=\"btn btn-secondary understrap-read-more-link\" href=\"https:\/\/mrronin.com\/en\/produkt\/2-edelweiss-bud\/\">Read More&#8230;<span class=\"screen-reader-text\"> from 12 Edelweiss BUD 10.5 mm<\/span><\/a><\/p>\n","protected":false},"featured_media":2240,"comment_status":"open","ping_status":"closed","template":"","meta":{"_acf_changed":false},"product_brand":[],"product_cat":[39],"product_tag":[41,42,43,44,45,46],"class_list":{"0":"post-5732","1":"product","2":"type-product","3":"status-publish","4":"has-post-thumbnail","6":"product_cat-okategoriserad-en","7":"product_tag-batteries-en","8":"product_tag-hard-case-en","9":"product_tag-mr200-en","10":"product_tag-mr400-en","11":"product_tag-service-en","12":"product_tag-training-en","14":"first","15":"onbackorder","16":"taxable","17":"shipping-taxable","18":"product-type-variable"},"acf":[],"_links":{"self":[{"href":"https:\/\/mrronin.com\/en\/wp-json\/wp\/v2\/product\/5732","targetHints":{"allow":["GET"]}}],"collection":[{"href":"https:\/\/mrronin.com\/en\/wp-json\/wp\/v2\/product"}],"about":[{"href":"https:\/\/mrronin.com\/en\/wp-json\/wp\/v2\/types\/product"}],"replies":[{"embeddable":true,"href":"https:\/\/mrronin.com\/en\/wp-json\/wp\/v2\/comments?post=5732"}],"wp:featuredmedia":[{"embeddable":true,"href":"https:\/\/mrronin.com\/en\/wp-json\/wp\/v2\/media\/2240"}],"wp:attachment":[{"href":"https:\/\/mrronin.com\/en\/wp-json\/wp\/v2\/media?parent=5732"}],"wp:term":[{"taxonomy":"product_brand","embeddable":true,"href":"https:\/\/mrronin.com\/en\/wp-json\/wp\/v2\/product_brand?post=5732"},{"taxonomy":"product_cat","embeddable":true,"href":"https:\/\/mrronin.com\/en\/wp-json\/wp\/v2\/product_cat?post=5732"},{"taxonomy":"product_tag","embeddable":true,"href":"https:\/\/mrronin.com\/en\/wp-json\/wp\/v2\/product_tag?post=5732"}],"curies":[{"name":"wp","href":"https:\/\/api.w.org\/{rel}","templated":true}]}}