{"id":5727,"date":"2019-01-17T12:55:11","date_gmt":"2019-01-17T11:55:11","guid":{"rendered":"https:\/\/stage.mrronin.com\/produkt\/mr400\/"},"modified":"2019-07-22T12:27:57","modified_gmt":"2019-07-22T10:27:57","slug":"mr400","status":"publish","type":"product","link":"https:\/\/mrronin.com\/en\/produkt\/mr400\/","title":{"rendered":"Edelweiss W-Line"},"content":{"rendered":"<p>TEXT &#8211; RUTA utan betydelse&#8230;<br \/>\n(All den text som skrivs h\u00e4r syns inte n\u00e5gon stans p\u00e5 web-sidan).<\/p>\n<p>Tag g\u00e4rna bort.<\/p>\n","protected":false},"excerpt":{"rendered":"<p>A Ronin ascender works at its best on ropes with low elongation. The lower the elongation percentage, the better.<br \/>\nW-Line, a really good rope from the well-reputed Company Edelweiss (France). This industrial climbing rope has been developed especially for Power Ascenders\/rope winches and has an elongation of only 2,8%.<\/p>\n<p>Edelweiss W-Line has a fixed diameter of 11 mm and is available in 4 different colours. Regardless of weather and working environment, it functions well with the Ronin ascenders. Especially in connection with heavy winching.<\/p>\n<p>Product description:<br \/>\n&#8211;\tDiameter: 11 mm<br \/>\n&#8211;\tElongation: 2,8%<br \/>\n&#8211;\tColours: White\/blue, black, green and orange [&#8230;]<\/p>\n<p><a class=\"btn btn-secondary understrap-read-more-link\" href=\"https:\/\/mrronin.com\/en\/produkt\/mr400\/\">Read More&#8230;<span class=\"screen-reader-text\"> from Edelweiss W-Line<\/span><\/a><\/p>\n","protected":false},"featured_media":4795,"comment_status":"open","ping_status":"closed","template":"","meta":{"_acf_changed":false},"product_brand":[],"product_cat":[39],"product_tag":[],"class_list":{"0":"post-5727","1":"product","2":"type-product","3":"status-publish","4":"has-post-thumbnail","6":"product_cat-okategoriserad-en","8":"first","9":"onbackorder","10":"taxable","11":"shipping-taxable","12":"product-type-variable"},"acf":[],"_links":{"self":[{"href":"https:\/\/mrronin.com\/en\/wp-json\/wp\/v2\/product\/5727","targetHints":{"allow":["GET"]}}],"collection":[{"href":"https:\/\/mrronin.com\/en\/wp-json\/wp\/v2\/product"}],"about":[{"href":"https:\/\/mrronin.com\/en\/wp-json\/wp\/v2\/types\/product"}],"replies":[{"embeddable":true,"href":"https:\/\/mrronin.com\/en\/wp-json\/wp\/v2\/comments?post=5727"}],"wp:featuredmedia":[{"embeddable":true,"href":"https:\/\/mrronin.com\/en\/wp-json\/wp\/v2\/media\/4795"}],"wp:attachment":[{"href":"https:\/\/mrronin.com\/en\/wp-json\/wp\/v2\/media?parent=5727"}],"wp:term":[{"taxonomy":"product_brand","embeddable":true,"href":"https:\/\/mrronin.com\/en\/wp-json\/wp\/v2\/product_brand?post=5727"},{"taxonomy":"product_cat","embeddable":true,"href":"https:\/\/mrronin.com\/en\/wp-json\/wp\/v2\/product_cat?post=5727"},{"taxonomy":"product_tag","embeddable":true,"href":"https:\/\/mrronin.com\/en\/wp-json\/wp\/v2\/product_tag?post=5727"}],"curies":[{"name":"wp","href":"https:\/\/api.w.org\/{rel}","templated":true}]}}