{"id":5723,"date":"2019-02-27T04:30:12","date_gmt":"2019-02-27T03:30:12","guid":{"rendered":"https:\/\/stage.mrronin.com\/produkt\/ronin-mr400-pro-pack-kit\/"},"modified":"2020-03-08T22:44:43","modified_gmt":"2020-03-08T21:44:43","slug":"ronin-mr400-pro-pack-kit","status":"publish","type":"product","link":"https:\/\/mrronin.com\/en\/produkt\/ronin-mr400-pro-pack-kit\/","title":{"rendered":"Ronin MR400-R Pro Kit"},"content":{"rendered":"<p>TEXT &#8211; RUTA utan betydelse&#8230;<br \/>\n(All den text som skrivs h\u00e4r syns inte n\u00e5gon stans p\u00e5 web-sidan).<\/p>\n<p>Tag g\u00e4rna bort.<\/p>\n","protected":false},"excerpt":{"rendered":"<p>Mr Ronin\u2019s own Pro Kit.<br \/>\nFor this you only have to bring your own PPE and the rope to be used. The kit has been composed for professionals and is perfect fr police, rescue service, defence forces and other who need everything gathered in one place.<\/p>\n<p>The bag contains 2 batteries which gives in all 500 m climbing\/winchinng\/lifting of 91 kg. A Pro Kit is as suitable in a shaky emergency vehicle as on a shelf in a heated storeroom.<\/p>\n<p><strong>PRODUCT LIST:<\/strong><br \/>\n&#8211; 1 pcs Hard case with wheels and extensible handle.<br \/>\n&#8211; 1 pcs MR400-R Ascender<br \/>\n&#8211; 2 pcs Batteries<br \/>\n&#8211; 1 pcs Battery Charger<br \/>\n&#8211; 1 pcs Petzl ASAP w ASAP&#8217;SORBER AXESS Kit<br \/>\n&#8211; 2 pcs Carabiners on the AXESS Kit<br \/>\n&#8211; 4 pcs Carabiners<br \/>\n&#8211; 1 pcs ERIGG Distance 25cm (9.8 in) (Riggplate, Sling, Carabin)<br \/>\n&#8211; 1 pcs Rope brush<br \/>\n&#8211; 1 pcs User\u2019s manual in the lid of the case<br \/>\n&#8211; 1 pcs Hard case with wheels and extensible handle.<\/p>\n<p>Please indicate which type of contact you want for your charger: A, C, G [&#8230;]<\/p>\n<p><a class=\"btn btn-secondary understrap-read-more-link\" href=\"https:\/\/mrronin.com\/en\/produkt\/ronin-mr400-pro-pack-kit\/\">Read More&#8230;<span class=\"screen-reader-text\"> from Ronin MR400-R Pro Kit<\/span><\/a><\/p>\n","protected":false},"featured_media":4764,"comment_status":"open","ping_status":"closed","template":"","meta":{"_acf_changed":false},"product_brand":[],"product_cat":[47,18],"product_tag":[],"class_list":{"0":"post-5723","1":"product","2":"type-product","3":"status-publish","4":"has-post-thumbnail","6":"product_cat-tshirts-en","7":"product_cat-tshirts","9":"first","10":"instock","11":"taxable","12":"shipping-taxable","13":"product-type-variable"},"acf":[],"_links":{"self":[{"href":"https:\/\/mrronin.com\/en\/wp-json\/wp\/v2\/product\/5723","targetHints":{"allow":["GET"]}}],"collection":[{"href":"https:\/\/mrronin.com\/en\/wp-json\/wp\/v2\/product"}],"about":[{"href":"https:\/\/mrronin.com\/en\/wp-json\/wp\/v2\/types\/product"}],"replies":[{"embeddable":true,"href":"https:\/\/mrronin.com\/en\/wp-json\/wp\/v2\/comments?post=5723"}],"wp:featuredmedia":[{"embeddable":true,"href":"https:\/\/mrronin.com\/en\/wp-json\/wp\/v2\/media\/4764"}],"wp:attachment":[{"href":"https:\/\/mrronin.com\/en\/wp-json\/wp\/v2\/media?parent=5723"}],"wp:term":[{"taxonomy":"product_brand","embeddable":true,"href":"https:\/\/mrronin.com\/en\/wp-json\/wp\/v2\/product_brand?post=5723"},{"taxonomy":"product_cat","embeddable":true,"href":"https:\/\/mrronin.com\/en\/wp-json\/wp\/v2\/product_cat?post=5723"},{"taxonomy":"product_tag","embeddable":true,"href":"https:\/\/mrronin.com\/en\/wp-json\/wp\/v2\/product_tag?post=5723"}],"curies":[{"name":"wp","href":"https:\/\/api.w.org\/{rel}","templated":true}]}}