{"id":5719,"date":"2019-02-27T04:06:03","date_gmt":"2019-02-27T03:06:03","guid":{"rendered":"https:\/\/stage.mrronin.com\/produkt\/ronin-mr400-med-vaska\/"},"modified":"2020-05-23T19:33:26","modified_gmt":"2020-05-23T17:33:26","slug":"ronin-mr400-med-vaska","status":"publish","type":"product","link":"https:\/\/mrronin.com\/en\/produkt\/ronin-mr400-med-vaska\/","title":{"rendered":"Ronin MR400-R Ascender w Hard Case"},"content":{"rendered":"<p>TEXT &#8211; RUTA utan betydelse&#8230;<br \/>\n(All den text som skrivs h\u00e4r syns inte n\u00e5gon stans p\u00e5 web-sidan).<\/p>\n<p>Tag g\u00e4rna bort.<\/p>\n","protected":false},"excerpt":{"rendered":"<p>MR400 \u2013 A battery operated Power Ascender out of the ordinary.<br \/>\nThe ascender is delivered in a protective Hard Case together with a battery and a charger.<br \/>\nMR 400 means Multiple Ropes \u2013 400 lbs (181 kg). The ascender can handle EN1891 and EN564 ropes with a diameter of between 10 mm-13 mm and is certified to handle 181 kg.<\/p>\n<p>To reach an optimal use of the machine CE EN1891\/EN564-classed Kernmantelropes with low elasticity should be used.<\/p>\n<p>The ascender is supplied with a battery and charger, contained in a Mr Ronin Hard Case.<\/p>\n<p>Please indicate which type of contact you want for your charger: A, C, G.<\/p>\n<p><strong>PRODUCT LIST:<\/strong><br \/>\n&#8211; 1 hard case with wheels and extensible handle.<br \/>\n&#8211; 1 Ronin MR400-R Ascender<br \/>\n&#8211; 1 Battery<br \/>\n&#8211; 1 Charger<br \/>\n&#8211; 1 Charger cable type A, C, G [&#8230;]<\/p>\n<p><a class=\"btn btn-secondary understrap-read-more-link\" href=\"https:\/\/mrronin.com\/en\/produkt\/ronin-mr400-med-vaska\/\">Read More&#8230;<span class=\"screen-reader-text\"> from Ronin MR400-R Ascender w Hard Case<\/span><\/a><\/p>\n","protected":false},"featured_media":4708,"comment_status":"open","ping_status":"closed","template":"","meta":{"_acf_changed":false},"product_brand":[],"product_cat":[39],"product_tag":[],"class_list":{"0":"post-5719","1":"product","2":"type-product","3":"status-publish","4":"has-post-thumbnail","6":"product_cat-okategoriserad-en","8":"first","9":"instock","10":"taxable","11":"shipping-taxable","12":"product-type-variable"},"acf":[],"_links":{"self":[{"href":"https:\/\/mrronin.com\/en\/wp-json\/wp\/v2\/product\/5719","targetHints":{"allow":["GET"]}}],"collection":[{"href":"https:\/\/mrronin.com\/en\/wp-json\/wp\/v2\/product"}],"about":[{"href":"https:\/\/mrronin.com\/en\/wp-json\/wp\/v2\/types\/product"}],"replies":[{"embeddable":true,"href":"https:\/\/mrronin.com\/en\/wp-json\/wp\/v2\/comments?post=5719"}],"wp:featuredmedia":[{"embeddable":true,"href":"https:\/\/mrronin.com\/en\/wp-json\/wp\/v2\/media\/4708"}],"wp:attachment":[{"href":"https:\/\/mrronin.com\/en\/wp-json\/wp\/v2\/media?parent=5719"}],"wp:term":[{"taxonomy":"product_brand","embeddable":true,"href":"https:\/\/mrronin.com\/en\/wp-json\/wp\/v2\/product_brand?post=5719"},{"taxonomy":"product_cat","embeddable":true,"href":"https:\/\/mrronin.com\/en\/wp-json\/wp\/v2\/product_cat?post=5719"},{"taxonomy":"product_tag","embeddable":true,"href":"https:\/\/mrronin.com\/en\/wp-json\/wp\/v2\/product_tag?post=5719"}],"curies":[{"name":"wp","href":"https:\/\/api.w.org\/{rel}","templated":true}]}}