{"id":5715,"date":"2019-02-27T02:34:25","date_gmt":"2019-02-27T01:34:25","guid":{"rendered":"https:\/\/stage.mrronin.com\/produkt\/mr400-power-pack\/"},"modified":"2019-07-24T02:31:07","modified_gmt":"2019-07-24T00:31:07","slug":"mr400-power-pack","status":"publish","type":"product","link":"https:\/\/mrronin.com\/en\/produkt\/mr400-power-pack\/","title":{"rendered":"MR400 Power Pack"},"content":{"rendered":"<p>TEXT &#8211; RUTA utan betydelse&#8230;<br \/>\n(All den text som skrivs h\u00e4r syns inte n\u00e5gon stans p\u00e5 web-sidan).<\/p>\n<p>Tag g\u00e4rna bort.<\/p>\n","protected":false},"excerpt":{"rendered":"<p>A real power pack with 4 batteries and 4 chargers in the same case. Perfect for work groups and teams who have to solve a task without access to electricity. 4 fully charged batteries means 1000 meters of climbing (1 kilometer).<\/p>\n<p>Indicate which type of contact you want for your chargers: A, C, G.<\/p>\n<p><strong>PRODUCT LIST::<\/strong><\/p>\n<p>&#8211; 1 pcs hard case with wheels and extensible handle<br \/>\n&#8211; 4 pcs Batteries<br \/>\n&#8211; 4 pcs Battery charger<\/p>\n<p>Approved for Cargo Aircraft transport.<br \/>\nMarkings \u2013 Li-lon \u2013 on the outside of the case. [&#8230;]<\/p>\n<p><a class=\"btn btn-secondary understrap-read-more-link\" href=\"https:\/\/mrronin.com\/en\/produkt\/mr400-power-pack\/\">Read More&#8230;<span class=\"screen-reader-text\"> from MR400 Power Pack<\/span><\/a><\/p>\n","protected":false},"featured_media":4742,"comment_status":"closed","ping_status":"closed","template":"","meta":{"_acf_changed":false},"product_brand":[],"product_cat":[39],"product_tag":[41,42,43,44,45,46],"class_list":{"0":"post-5715","1":"product","2":"type-product","3":"status-publish","4":"has-post-thumbnail","6":"product_cat-okategoriserad-en","7":"product_tag-batteries-en","8":"product_tag-hard-case-en","9":"product_tag-mr200-en","10":"product_tag-mr400-en","11":"product_tag-service-en","12":"product_tag-training-en","14":"first","15":"instock","16":"taxable","17":"shipping-taxable","18":"product-type-variable"},"acf":[],"_links":{"self":[{"href":"https:\/\/mrronin.com\/en\/wp-json\/wp\/v2\/product\/5715","targetHints":{"allow":["GET"]}}],"collection":[{"href":"https:\/\/mrronin.com\/en\/wp-json\/wp\/v2\/product"}],"about":[{"href":"https:\/\/mrronin.com\/en\/wp-json\/wp\/v2\/types\/product"}],"replies":[{"embeddable":true,"href":"https:\/\/mrronin.com\/en\/wp-json\/wp\/v2\/comments?post=5715"}],"wp:featuredmedia":[{"embeddable":true,"href":"https:\/\/mrronin.com\/en\/wp-json\/wp\/v2\/media\/4742"}],"wp:attachment":[{"href":"https:\/\/mrronin.com\/en\/wp-json\/wp\/v2\/media?parent=5715"}],"wp:term":[{"taxonomy":"product_brand","embeddable":true,"href":"https:\/\/mrronin.com\/en\/wp-json\/wp\/v2\/product_brand?post=5715"},{"taxonomy":"product_cat","embeddable":true,"href":"https:\/\/mrronin.com\/en\/wp-json\/wp\/v2\/product_cat?post=5715"},{"taxonomy":"product_tag","embeddable":true,"href":"https:\/\/mrronin.com\/en\/wp-json\/wp\/v2\/product_tag?post=5715"}],"curies":[{"name":"wp","href":"https:\/\/api.w.org\/{rel}","templated":true}]}}