{"id":5714,"date":"2019-02-27T01:29:02","date_gmt":"2019-02-27T00:29:02","guid":{"rendered":"https:\/\/stage.mrronin.com\/produkt\/mr400-battery-case\/"},"modified":"2019-08-01T13:20:39","modified_gmt":"2019-08-01T11:20:39","slug":"mr400-battery-case","status":"publish","type":"product","link":"https:\/\/mrronin.com\/en\/produkt\/mr400-battery-case\/","title":{"rendered":"MR400 Battery Case"},"content":{"rendered":"<p>TEXT &#8211; RUTA utan betydelse&#8230;<br \/>\n(All den text som skrivs h\u00e4r syns inte n\u00e5gon stans p\u00e5 web-sidan).<\/p>\n<p>Tag g\u00e4rna bort.<\/p>\n","protected":false},"excerpt":{"rendered":"<p>A bag for the handling and storage of your MR400-batteries in safe but also extreme environments. The bag is compact and easy to handle also when it is heavily loaded.<br \/>\nThis Hard Case makes it easier not only for transportation between workplaces, but also when your equipment should be sent somewhere else with an external forwarder. Negligible risk of external influence during transport.<\/p>\n<p>With room for 4 batteries and 4 chargers.<\/p>\n<p>Store all extra batteries and chargers in one place. Buy more batteries from time to time and create your own \u2013 Ronin \u201dPower Pack\u201d. [&#8230;]<\/p>\n<p><a class=\"btn btn-secondary understrap-read-more-link\" href=\"https:\/\/mrronin.com\/en\/produkt\/mr400-battery-case\/\">Read More&#8230;<span class=\"screen-reader-text\"> from MR400 Battery Case<\/span><\/a><\/p>\n","protected":false},"featured_media":4727,"comment_status":"open","ping_status":"closed","template":"","meta":{"_acf_changed":false},"product_brand":[],"product_cat":[39],"product_tag":[],"class_list":{"0":"post-5714","1":"product","2":"type-product","3":"status-publish","4":"has-post-thumbnail","6":"product_cat-okategoriserad-en","8":"first","9":"instock","10":"taxable","11":"shipping-taxable","12":"product-type-simple"},"acf":[],"_links":{"self":[{"href":"https:\/\/mrronin.com\/en\/wp-json\/wp\/v2\/product\/5714","targetHints":{"allow":["GET"]}}],"collection":[{"href":"https:\/\/mrronin.com\/en\/wp-json\/wp\/v2\/product"}],"about":[{"href":"https:\/\/mrronin.com\/en\/wp-json\/wp\/v2\/types\/product"}],"replies":[{"embeddable":true,"href":"https:\/\/mrronin.com\/en\/wp-json\/wp\/v2\/comments?post=5714"}],"wp:featuredmedia":[{"embeddable":true,"href":"https:\/\/mrronin.com\/en\/wp-json\/wp\/v2\/media\/4727"}],"wp:attachment":[{"href":"https:\/\/mrronin.com\/en\/wp-json\/wp\/v2\/media?parent=5714"}],"wp:term":[{"taxonomy":"product_brand","embeddable":true,"href":"https:\/\/mrronin.com\/en\/wp-json\/wp\/v2\/product_brand?post=5714"},{"taxonomy":"product_cat","embeddable":true,"href":"https:\/\/mrronin.com\/en\/wp-json\/wp\/v2\/product_cat?post=5714"},{"taxonomy":"product_tag","embeddable":true,"href":"https:\/\/mrronin.com\/en\/wp-json\/wp\/v2\/product_tag?post=5714"}],"curies":[{"name":"wp","href":"https:\/\/api.w.org\/{rel}","templated":true}]}}