{"id":5713,"date":"2019-02-26T01:09:57","date_gmt":"2019-02-26T00:09:57","guid":{"rendered":"https:\/\/stage.mrronin.com\/produkt\/mr400-hard-case\/"},"modified":"2020-05-24T10:12:18","modified_gmt":"2020-05-24T08:12:18","slug":"mr400-hard-case","status":"publish","type":"product","link":"https:\/\/mrronin.com\/en\/produkt\/mr400-hard-case\/","title":{"rendered":"MR400 Hard Case"},"content":{"rendered":"<p>TEXT &#8211; RUTA utan betydelse&#8230;<br \/>\n(All den text som skrivs h\u00e4r syns inte n\u00e5gon stans p\u00e5 web-sidan).<\/p>\n<p>Tag g\u00e4rna bort.<\/p>\n","protected":false},"excerpt":{"rendered":"<p>A bag for the handling and storage of your MR400 in safe but also extreme environments. The bag is compact and easy to handle also when it is heavily loaded.<br \/>\nThis Hard Case makes it easier not only for transportation between workplaces, but also when your equipment should be sent somewhere else with an external forwarder. Negligible risk of external influence during transport<\/p>\n<p>Among other things is has room for 2 batteries.<\/p>\n<p>Build your own kit and have all you need in only one bag.<br \/>\n [&#8230;]<\/p>\n<p><a class=\"btn btn-secondary understrap-read-more-link\" href=\"https:\/\/mrronin.com\/en\/produkt\/mr400-hard-case\/\">Read More&#8230;<span class=\"screen-reader-text\"> from MR400 Hard Case<\/span><\/a><\/p>\n","protected":false},"featured_media":4696,"comment_status":"open","ping_status":"closed","template":"","meta":{"_acf_changed":false},"product_brand":[],"product_cat":[39],"product_tag":[],"class_list":{"0":"post-5713","1":"product","2":"type-product","3":"status-publish","4":"has-post-thumbnail","6":"product_cat-okategoriserad-en","8":"first","9":"instock","10":"taxable","11":"shipping-taxable","12":"product-type-simple"},"acf":[],"_links":{"self":[{"href":"https:\/\/mrronin.com\/en\/wp-json\/wp\/v2\/product\/5713","targetHints":{"allow":["GET"]}}],"collection":[{"href":"https:\/\/mrronin.com\/en\/wp-json\/wp\/v2\/product"}],"about":[{"href":"https:\/\/mrronin.com\/en\/wp-json\/wp\/v2\/types\/product"}],"replies":[{"embeddable":true,"href":"https:\/\/mrronin.com\/en\/wp-json\/wp\/v2\/comments?post=5713"}],"wp:featuredmedia":[{"embeddable":true,"href":"https:\/\/mrronin.com\/en\/wp-json\/wp\/v2\/media\/4696"}],"wp:attachment":[{"href":"https:\/\/mrronin.com\/en\/wp-json\/wp\/v2\/media?parent=5713"}],"wp:term":[{"taxonomy":"product_brand","embeddable":true,"href":"https:\/\/mrronin.com\/en\/wp-json\/wp\/v2\/product_brand?post=5713"},{"taxonomy":"product_cat","embeddable":true,"href":"https:\/\/mrronin.com\/en\/wp-json\/wp\/v2\/product_cat?post=5713"},{"taxonomy":"product_tag","embeddable":true,"href":"https:\/\/mrronin.com\/en\/wp-json\/wp\/v2\/product_tag?post=5713"}],"curies":[{"name":"wp","href":"https:\/\/api.w.org\/{rel}","templated":true}]}}