{"id":5711,"date":"2019-03-27T00:19:17","date_gmt":"2019-03-26T23:19:17","guid":{"rendered":"https:\/\/stage.mrronin.com\/produkt\/12-rep-borste\/"},"modified":"2020-05-24T17:39:31","modified_gmt":"2020-05-24T15:39:31","slug":"12-rep-borste","status":"publish","type":"product","link":"https:\/\/mrronin.com\/en\/produkt\/12-rep-borste\/","title":{"rendered":"Rope Brush"},"content":{"rendered":"<p>TEXT &#8211; RUTA utan betydelse&#8230;<br \/>\n(All den text som skrivs h\u00e4r syns inte n\u00e5gon stans p\u00e5 web-sidan).<\/p>\n<p>Tag g\u00e4rna bort.<\/p>\n","protected":false},"excerpt":{"rendered":"<p>Reduce unnecessary wear of the Power Ascender. This 360 degrees brush efficiently removes gravel as well as sand and dust from your ropes. Easily applied exactly where it is needed. [&#8230;]<\/p>\n<p><a class=\"btn btn-secondary understrap-read-more-link\" href=\"https:\/\/mrronin.com\/en\/produkt\/12-rep-borste\/\">Read More&#8230;<span class=\"screen-reader-text\"> from Rope Brush<\/span><\/a><\/p>\n","protected":false},"featured_media":4822,"comment_status":"open","ping_status":"closed","template":"","meta":{"_acf_changed":false},"product_brand":[],"product_cat":[39],"product_tag":[],"class_list":{"0":"post-5711","1":"product","2":"type-product","3":"status-publish","4":"has-post-thumbnail","6":"product_cat-okategoriserad-en","8":"first","9":"onbackorder","10":"taxable","11":"shipping-taxable","12":"purchasable","13":"product-type-simple"},"acf":[],"_links":{"self":[{"href":"https:\/\/mrronin.com\/en\/wp-json\/wp\/v2\/product\/5711","targetHints":{"allow":["GET"]}}],"collection":[{"href":"https:\/\/mrronin.com\/en\/wp-json\/wp\/v2\/product"}],"about":[{"href":"https:\/\/mrronin.com\/en\/wp-json\/wp\/v2\/types\/product"}],"replies":[{"embeddable":true,"href":"https:\/\/mrronin.com\/en\/wp-json\/wp\/v2\/comments?post=5711"}],"wp:featuredmedia":[{"embeddable":true,"href":"https:\/\/mrronin.com\/en\/wp-json\/wp\/v2\/media\/4822"}],"wp:attachment":[{"href":"https:\/\/mrronin.com\/en\/wp-json\/wp\/v2\/media?parent=5711"}],"wp:term":[{"taxonomy":"product_brand","embeddable":true,"href":"https:\/\/mrronin.com\/en\/wp-json\/wp\/v2\/product_brand?post=5711"},{"taxonomy":"product_cat","embeddable":true,"href":"https:\/\/mrronin.com\/en\/wp-json\/wp\/v2\/product_cat?post=5711"},{"taxonomy":"product_tag","embeddable":true,"href":"https:\/\/mrronin.com\/en\/wp-json\/wp\/v2\/product_tag?post=5711"}],"curies":[{"name":"wp","href":"https:\/\/api.w.org\/{rel}","templated":true}]}}