{"id":5698,"date":"2019-03-02T00:53:27","date_gmt":"2019-03-01T23:53:27","guid":{"rendered":"https:\/\/stage.mrronin.com\/produkt\/11-rig-plate-medium\/"},"modified":"2019-07-17T06:10:21","modified_gmt":"2019-07-17T04:10:21","slug":"11-rig-plate-medium","status":"publish","type":"product","link":"https:\/\/mrronin.com\/en\/produkt\/11-rig-plate-medium\/","title":{"rendered":"11 RIG PLATE &#8211; Medium"},"content":{"rendered":"<p>TEXT &#8211; RUTA utan betydelse&#8230;<br \/>\n(All den text som skrivs h\u00e4r syns inte n\u00e5gon stans p\u00e5 web-sidan).<\/p>\n<p>Tag g\u00e4rna bort.<\/p>\n","protected":false},"excerpt":{"rendered":"<p>TEXT 1 (H\u00f6gst upp breve produktbilden).<\/p>\n<p>RIG PLATE &#8211; MEDIUM &#8211; Black<\/p>\n<p>A Rig plate from Edelweiss, perfect to use when&#8230;<\/p>\n<p> [&#8230;]<\/p>\n<p><a class=\"btn btn-secondary understrap-read-more-link\" href=\"https:\/\/mrronin.com\/en\/produkt\/11-rig-plate-medium\/\">Read More&#8230;<span class=\"screen-reader-text\"> from 11 RIG PLATE &#8211; Medium<\/span><\/a><\/p>\n","protected":false},"featured_media":1288,"comment_status":"open","ping_status":"closed","template":"","meta":{"_acf_changed":false},"product_brand":[],"product_cat":[39],"product_tag":[41,42,43,44,45,46],"class_list":{"0":"post-5698","1":"product","2":"type-product","3":"status-publish","4":"has-post-thumbnail","6":"product_cat-okategoriserad-en","7":"product_tag-batteries-en","8":"product_tag-hard-case-en","9":"product_tag-mr200-en","10":"product_tag-mr400-en","11":"product_tag-service-en","12":"product_tag-training-en","14":"first","15":"instock","16":"taxable","17":"shipping-taxable","18":"purchasable","19":"product-type-simple"},"acf":[],"_links":{"self":[{"href":"https:\/\/mrronin.com\/en\/wp-json\/wp\/v2\/product\/5698","targetHints":{"allow":["GET"]}}],"collection":[{"href":"https:\/\/mrronin.com\/en\/wp-json\/wp\/v2\/product"}],"about":[{"href":"https:\/\/mrronin.com\/en\/wp-json\/wp\/v2\/types\/product"}],"replies":[{"embeddable":true,"href":"https:\/\/mrronin.com\/en\/wp-json\/wp\/v2\/comments?post=5698"}],"wp:featuredmedia":[{"embeddable":true,"href":"https:\/\/mrronin.com\/en\/wp-json\/wp\/v2\/media\/1288"}],"wp:attachment":[{"href":"https:\/\/mrronin.com\/en\/wp-json\/wp\/v2\/media?parent=5698"}],"wp:term":[{"taxonomy":"product_brand","embeddable":true,"href":"https:\/\/mrronin.com\/en\/wp-json\/wp\/v2\/product_brand?post=5698"},{"taxonomy":"product_cat","embeddable":true,"href":"https:\/\/mrronin.com\/en\/wp-json\/wp\/v2\/product_cat?post=5698"},{"taxonomy":"product_tag","embeddable":true,"href":"https:\/\/mrronin.com\/en\/wp-json\/wp\/v2\/product_tag?post=5698"}],"curies":[{"name":"wp","href":"https:\/\/api.w.org\/{rel}","templated":true}]}}