{"id":4719,"date":"2019-02-23T20:42:15","date_gmt":"2019-02-23T19:42:15","guid":{"rendered":"https:\/\/stage.mrronin.com\/produkt\/mr400-batteri\/"},"modified":"2019-07-24T02:28:17","modified_gmt":"2019-07-24T00:28:17","slug":"mr400-battery","status":"publish","type":"product","link":"https:\/\/mrronin.com\/en\/produkt\/mr400-battery\/","title":{"rendered":"MR400 Battery"},"content":{"rendered":"<p>TEXT &#8211; RUTA utan betydelse&#8230;<br \/>\n(All den text som skrivs h\u00e4r syns inte n\u00e5gon stans p\u00e5 web-sidan).<\/p>\n<p>Tag g\u00e4rna bort.<\/p>\n","protected":false},"excerpt":{"rendered":"<p>With an extra battery your work with the ascender will be more efficient.<br \/>\nTo facilitate change of battery at a high altitude each battery has a safety loop. The battery will be fully loaded in no more than 2,5 hours.<\/p>\n<p>A charger is always included when you buy a battery. Indicate which type of contact you need:  A, C, G.<br \/>\n [&#8230;]<\/p>\n<p><a class=\"btn btn-secondary understrap-read-more-link\" href=\"https:\/\/mrronin.com\/en\/produkt\/mr400-battery\/\">Read More&#8230;<span class=\"screen-reader-text\"> from MR400 Battery<\/span><\/a><\/p>\n","protected":false},"featured_media":4677,"comment_status":"open","ping_status":"closed","template":"","meta":{"_acf_changed":false},"product_brand":[],"product_cat":[39],"product_tag":[],"class_list":{"0":"post-4719","1":"product","2":"type-product","3":"status-publish","4":"has-post-thumbnail","6":"product_cat-okategoriserad-en","8":"first","9":"instock","10":"taxable","11":"shipping-taxable","12":"product-type-variable"},"acf":[],"_links":{"self":[{"href":"https:\/\/mrronin.com\/en\/wp-json\/wp\/v2\/product\/4719","targetHints":{"allow":["GET"]}}],"collection":[{"href":"https:\/\/mrronin.com\/en\/wp-json\/wp\/v2\/product"}],"about":[{"href":"https:\/\/mrronin.com\/en\/wp-json\/wp\/v2\/types\/product"}],"replies":[{"embeddable":true,"href":"https:\/\/mrronin.com\/en\/wp-json\/wp\/v2\/comments?post=4719"}],"wp:featuredmedia":[{"embeddable":true,"href":"https:\/\/mrronin.com\/en\/wp-json\/wp\/v2\/media\/4677"}],"wp:attachment":[{"href":"https:\/\/mrronin.com\/en\/wp-json\/wp\/v2\/media?parent=4719"}],"wp:term":[{"taxonomy":"product_brand","embeddable":true,"href":"https:\/\/mrronin.com\/en\/wp-json\/wp\/v2\/product_brand?post=4719"},{"taxonomy":"product_cat","embeddable":true,"href":"https:\/\/mrronin.com\/en\/wp-json\/wp\/v2\/product_cat?post=4719"},{"taxonomy":"product_tag","embeddable":true,"href":"https:\/\/mrronin.com\/en\/wp-json\/wp\/v2\/product_tag?post=4719"}],"curies":[{"name":"wp","href":"https:\/\/api.w.org\/{rel}","templated":true}]}}