{"id":6236,"date":"2020-04-23T13:01:18","date_gmt":"2020-04-23T11:01:18","guid":{"rendered":"https:\/\/mrronin.com\/?page_id=6236"},"modified":"2020-04-23T13:01:18","modified_gmt":"2020-04-23T11:01:18","slug":"om-oss-no","status":"publish","type":"page","link":"https:\/\/mrronin.com\/de\/om-oss-no\/","title":{"rendered":"OM OSS NO"},"content":{"rendered":"<p>Vi har lang erfaring med \u00e5 jobbe over og under bakken, fritt hengende, p\u00e5 ulike konstruksjoner og i trange rom. Dette betyr at vi forst\u00e5r og setter pris p\u00e5 Easy Access.<\/p>\n","protected":false},"excerpt":{"rendered":"<p>Vi har lang erfaring med \u00e5 jobbe over og under bakken, fritt hengende, p\u00e5 ulike konstruksjoner og i trange rom. Dette betyr at vi forst\u00e5r og setter pris p\u00e5 Easy Access. [&#8230;]<\/p>\n<p><a class=\"btn btn-secondary understrap-read-more-link\" href=\"https:\/\/mrronin.com\/de\/om-oss-no\/\">Weiterlesen&#8230;<span class=\"screen-reader-text\"> from OM OSS NO<\/span><\/a><\/p>\n","protected":false},"author":3,"featured_media":0,"parent":0,"menu_order":0,"comment_status":"closed","ping_status":"closed","template":"page-full-width.php","meta":{"_acf_changed":false,"footnotes":""},"class_list":["post-6236","page","type-page","status-publish","hentry"],"acf":[],"_links":{"self":[{"href":"https:\/\/mrronin.com\/de\/wp-json\/wp\/v2\/pages\/6236","targetHints":{"allow":["GET"]}}],"collection":[{"href":"https:\/\/mrronin.com\/de\/wp-json\/wp\/v2\/pages"}],"about":[{"href":"https:\/\/mrronin.com\/de\/wp-json\/wp\/v2\/types\/page"}],"author":[{"embeddable":true,"href":"https:\/\/mrronin.com\/de\/wp-json\/wp\/v2\/users\/3"}],"replies":[{"embeddable":true,"href":"https:\/\/mrronin.com\/de\/wp-json\/wp\/v2\/comments?post=6236"}],"version-history":[{"count":1,"href":"https:\/\/mrronin.com\/de\/wp-json\/wp\/v2\/pages\/6236\/revisions"}],"predecessor-version":[{"id":6237,"href":"https:\/\/mrronin.com\/de\/wp-json\/wp\/v2\/pages\/6236\/revisions\/6237"}],"wp:attachment":[{"href":"https:\/\/mrronin.com\/de\/wp-json\/wp\/v2\/media?parent=6236"}],"curies":[{"name":"wp","href":"https:\/\/api.w.org\/{rel}","templated":true}]}}